{"id":140,"date":"2024-01-17T09:10:44","date_gmt":"2024-01-17T09:10:44","guid":{"rendered":"https:\/\/supporto.dtudental.com\/?page_id=140"},"modified":"2024-01-17T09:11:51","modified_gmt":"2024-01-17T09:11:51","slug":"privacy-policy-2","status":"publish","type":"page","link":"https:\/\/supporto.dtudental.com\/index.php\/privacy-policy-2\/","title":{"rendered":"Privacy Policy"},"content":{"rendered":"\t\t<div data-elementor-type=\"wp-page\" data-elementor-id=\"140\" class=\"elementor elementor-140\">\n\t\t\t\t<div class=\"elementor-element elementor-element-5a41562 e-flex e-con-boxed e-con e-parent\" data-id=\"5a41562\" data-element_type=\"container\">\n\t\t\t\t\t<div class=\"e-con-inner\">\n\t\t\t\t<div class=\"elementor-element elementor-element-c1d2d2b elementor-widget elementor-widget-text-editor\" data-id=\"c1d2d2b\" data-element_type=\"widget\" data-widget_type=\"text-editor.default\">\n\t\t\t\t<div class=\"elementor-widget-container\">\n\t\t\t<style>\/*! elementor - v3.21.0 - 25-04-2024 *\/\n.elementor-widget-text-editor.elementor-drop-cap-view-stacked .elementor-drop-cap{background-color:#69727d;color:#fff}.elementor-widget-text-editor.elementor-drop-cap-view-framed .elementor-drop-cap{color:#69727d;border:3px solid;background-color:transparent}.elementor-widget-text-editor:not(.elementor-drop-cap-view-default) .elementor-drop-cap{margin-top:8px}.elementor-widget-text-editor:not(.elementor-drop-cap-view-default) .elementor-drop-cap-letter{width:1em;height:1em}.elementor-widget-text-editor .elementor-drop-cap{float:left;text-align:center;line-height:1;font-size:50px}.elementor-widget-text-editor .elementor-drop-cap-letter{display:inline-block}<\/style>\t\t\t\t<p>La DTU srl garantisce il trattamento dei dati personali degli utenti che consultano il sito www.dtudental.com ai sensi della normativa in materia di protezione dei dati personali.\u00a0<\/p><p><strong>Dati di navigazione<\/strong><br \/>I sistemi informatici e le procedure software preposte al funzionamento di questo sito web acquisiscono, nel corso del loro normale esercizio, alcuni dati personali la cui trasmissione \u00e8 implicita nell&#8217;uso dei protocolli di comunicazione di Internet.<\/p><p>Si tratta di informazioni che non sono raccolte per essere associate a interessati identificati, ma che per loro stessa natura potrebbero, attraverso elaborazioni ed associazioni con dati detenuti da terzi, permettere di identificare gli utenti.<\/p><p>In questa categoria di dati rientrano gli indirizzi IP o i nomi a dominio dei computer utilizzati dagli utenti che si connettono al sito, gli indirizzi in notazione URI (Uniform Resource Identifier) delle risorse richieste, l&#8217;orario della richiesta, il metodo utilizzato nel sottoporre la richiesta al server, la dimensione del file ottenuto in risposta, il codice numerico indicante lo stato della risposta data dal server (buon fine, errore, ecc.) ed altri parametri relativi al sistema operativo e all&#8217;ambiente informatico dell&#8217;utente.<\/p><p>Questi dati vengono utilizzati al solo fine di ricavare informazioni statistiche anonime sull&#8217;uso del sito e per controllarne il corretto funzionamento e vengono cancellati immediatamente dopo l&#8217;elaborazione. I dati potrebbero essere utilizzati per l&#8217;accertamento di responsabilit\u00e0 in caso di ipotetici reati informatici ai danni del sito: salva questa eventualit\u00e0, allo stato i dati sui contatti web non persistono per pi\u00f9 di sette giorni.<\/p><p>Dati forniti volontariamente dall&#8217;utente<br \/>L&#8217;invio facoltativo, esplicito e volontario di posta elettronica agli indirizzi indicati su questo sito comporta la successiva acquisizione dell&#8217;indirizzo del mittente, necessario per rispondere alle richieste, nonch\u00e9 degli eventuali altri dati personali inseriti nella missiva.<\/p><p>Specifiche informative di sintesi verranno progressivamente riportate o visualizzate nelle pagine del sito predisposte per particolari servizi a richiesta.<\/p><p><strong>Raccolta Recensione\/Testimonianza <\/strong><em>(Aggiunto il 24 aprile 2020)<\/em><\/p><p>Ai sensi del del Regolamento (UE) 2016\/649 (&#8220;GDPR&#8221;) nonch\u00e9 di ogni altra successiva normativa applicabile in materia di protezione dei dati personali, il\/la sottoscritto\/a dichiara di essere stato\/a informato\/a dalla Societ\u00e0 in merito all\u2019utilizzo dei dati personali sopra indicati ai fini della realizzazione e dell\u2019utilizzo del filmato, immagini, fotografie, registrazioni audio nell\u2019ambito dell\u2019Evento e, pertanto, ne autorizza il trattamento anche per le altre finalit\u00e0 rientranti nell&#8217;interesse legittimo della Societ\u00e0. Conferma, altres\u00ec, di essere a conoscenza e di essere stato informato circa i diritti in materia di protezione dei dati personali riconosciuti agli interessati dal GDPR. Titolare del Trattamento dei dati raccolti \u00e8 DTU srl \u2013 via P. Redaelli, 11 \u2013 20146 Milano<\/p><p><strong>Cookies<\/strong><\/p><p><em>Google.<\/em><br \/>Il Portale utilizza Google Analytics, un servizio di analisi web fornito da Google, Inc. (&#8220;Google&#8221;). Google Analytics utilizza dei &#8220;cookies&#8221;, che sono file di testo che vengono depositati sul terminale dell\u2019interessato per consentire analisi statistiche in forma aggregata. Google Inc. \u00e8 il relativo Titolare del trattamento.<\/p><p>_utma \u2013 Cookie di terze parti \u2013 Google inc. \u2013 Durata: 2 Anni\/Aggiornato &#8211; Utilizzato per distinguere gli utenti e sessioni. Il cookie viene creato all&#8217;esecuzione della libreria javascript. Questo cookie tiene traccia del numero di volte che un visitatore ha visitato il sito web, quando ha effettuato la prima visita e quando si \u00e8 verificata l\u2019ultima. Il cookie viene aggiornato ogni volta che i dati vengono inviati a Google Analytics.<br \/>_utmb \u2013 Cookie di terze parti \u2013 Google inc. \u2013 Durata: 30 minuti\/Aggiornato \u2013 Utilizzato per determinare nuove sessioni \/ visite. Recupera il timestamp nel momento esatto in cui un visitatore entra nel sito. Il cookie viene aggiornato ogni volta che i dati vengono inviati a Google Analytics.<br \/>_utmc \u2013 Cookie di terze parti \u2013 Google inc. \u2013 Durata: fine della sessione \u2013 Questo cookie opera in collaborazione con il cookie _utmb per determinare se l&#8217;utente ha creato una nuova sessione oppure se sta visitando nuovamente il sito.<br \/>_utmz \u2013 Cookie di terze parti \u2013 Google inc. \u2013 Durata: 6 mesi\/Aggiornato \u2013 Memorizza la fonte di traffico o campagna dalla quale l&#8217;utente ha raggiunto il sito. Il cookie viene creato quando all&#8217;esecuzione della libreria javascript e viene aggiornato ogni volta che i dati vengono inviati a Google Analytics.<br \/>Di seguito si riporta il link alla pagina di Google ove \u00e8 riportata la descrizione delle finalit\u00e0 dei cookie di terza parte utilizzati https:\/\/developers.google.com\/analytics\/devguides\/collection\/analyticsjs\/cookie-usage.<br \/>Inoltre si riporta il link alle norme sulla Privacy di Google https:\/\/support.google.com\/analytics\/answer\/6004245 e alle informazioni sul componente aggiuntivo del browser per la disattivazione di Google Analytics https:\/\/support.google.com\/analytics\/answer\/181881 e https:\/\/tools.google.com\/dlpage\/gaoptout.<\/p><p><strong>Regolamento (UE) 2016\/679 del Parlamento europeo e del Consiglio, del 27 aprile 2016, relativo alla protezione delle persone fisiche con riguardo al trattamento dei dati personali, nonch\u00e9 alla libera circolazione di tali dati e che abroga la direttiva 95\/46\/CE (regolamento generale sulla protezione dei dati) (Testo rilevante ai fini del SEE)<\/strong><\/p><p><strong>Riferimento <a href=\"http:\/\/eur-lex.europa.eu\/legal-content\/it\/TXT\/?uri=CELEX:32016R0679\">http:\/\/eur-lex.europa.eu\/legal-content\/it\/TXT\/?uri=CELEX:32016R0679<\/a><\/strong><\/p>\t\t\t\t\t\t<\/div>\n\t\t\t\t<\/div>\n\t\t\t\t\t<\/div>\n\t\t\t\t<\/div>\n\t\t\t\t<\/div>\n\t\t","protected":false},"excerpt":{"rendered":"<p>La DTU srl garantisce il trattamento dei dati personali degli utenti che consultano il sito www.dtudental.com ai sensi della normativa in materia di protezione dei dati personali.\u00a0 Dati di navigazioneI sistemi informatici e le procedure software preposte al funzionamento di questo sito web acquisiscono, nel corso del loro normale esercizio, alcuni dati personali la cui [&hellip;]<\/p>\n","protected":false},"author":1,"featured_media":0,"parent":0,"menu_order":0,"comment_status":"closed","ping_status":"closed","template":"","meta":{"footnotes":""},"class_list":["post-140","page","type-page","status-publish","hentry"],"aioseo_notices":[],"_links":{"self":[{"href":"https:\/\/supporto.dtudental.com\/index.php\/wp-json\/wp\/v2\/pages\/140","targetHints":{"allow":["GET"]}}],"collection":[{"href":"https:\/\/supporto.dtudental.com\/index.php\/wp-json\/wp\/v2\/pages"}],"about":[{"href":"https:\/\/supporto.dtudental.com\/index.php\/wp-json\/wp\/v2\/types\/page"}],"author":[{"embeddable":true,"href":"https:\/\/supporto.dtudental.com\/index.php\/wp-json\/wp\/v2\/users\/1"}],"replies":[{"embeddable":true,"href":"https:\/\/supporto.dtudental.com\/index.php\/wp-json\/wp\/v2\/comments?post=140"}],"version-history":[{"count":4,"href":"https:\/\/supporto.dtudental.com\/index.php\/wp-json\/wp\/v2\/pages\/140\/revisions"}],"predecessor-version":[{"id":144,"href":"https:\/\/supporto.dtudental.com\/index.php\/wp-json\/wp\/v2\/pages\/140\/revisions\/144"}],"wp:attachment":[{"href":"https:\/\/supporto.dtudental.com\/index.php\/wp-json\/wp\/v2\/media?parent=140"}],"curies":[{"name":"wp","href":"https:\/\/api.w.org\/{rel}","templated":true}]}}